{"id":161,"date":"2025-02-27T21:58:28","date_gmt":"2025-02-27T21:58:28","guid":{"rendered":"https:\/\/off-sense.com\/?post_type=product&#038;p=161"},"modified":"2026-03-30T06:45:03","modified_gmt":"2026-03-30T06:45:03","slug":"sunday-dust-cuddle-bag","status":"publish","type":"product","link":"https:\/\/off-sense.com\/pl_PL\/produkt\/sunday-dust-cuddle-bag\/","title":{"rendered":"Sunday Dust Cuddle Bag"},"content":{"rendered":"<p>D\u0142ugi opis<\/p>\n<p>xxx<\/p>\n<p>xxx<\/p>","protected":false},"excerpt":{"rendered":"<p class=\"translation-block\"><strong><span style=\"font-size: 85%;color: #8a480e\">Mi\u0119kka, mi\u0142a w dotyku i przyjazna - jak pluszowy mi\u015b z dzieci\u0144stwa, ulubiony kardigan i popo\u0142udnie sp\u0119dzone u dziadk\u00f3w. Torebka, kt\u00f3ra niesie ze sob\u0105 komfort i wspomnienia.<\/p>","protected":false},"featured_media":1462,"template":"","meta":[],"product_brand":[],"product_cat":[26,27],"product_tag":[],"class_list":{"0":"post-161","1":"product","2":"type-product","3":"status-publish","4":"has-post-thumbnail","6":"product_cat-all-products","7":"product_cat-handmade-cuddle-bags","9":"first","10":"instock","11":"taxable","12":"shipping-taxable","13":"purchasable","14":"product-type-simple"},"_links":{"self":[{"href":"https:\/\/off-sense.com\/pl_PL\/wp-json\/wp\/v2\/product\/161","targetHints":{"allow":["GET"]}}],"collection":[{"href":"https:\/\/off-sense.com\/pl_PL\/wp-json\/wp\/v2\/product"}],"about":[{"href":"https:\/\/off-sense.com\/pl_PL\/wp-json\/wp\/v2\/types\/product"}],"wp:featuredmedia":[{"embeddable":true,"href":"https:\/\/off-sense.com\/pl_PL\/wp-json\/wp\/v2\/media\/1462"}],"wp:attachment":[{"href":"https:\/\/off-sense.com\/pl_PL\/wp-json\/wp\/v2\/media?parent=161"}],"wp:term":[{"taxonomy":"product_brand","embeddable":true,"href":"https:\/\/off-sense.com\/pl_PL\/wp-json\/wp\/v2\/product_brand?post=161"},{"taxonomy":"product_cat","embeddable":true,"href":"https:\/\/off-sense.com\/pl_PL\/wp-json\/wp\/v2\/product_cat?post=161"},{"taxonomy":"product_tag","embeddable":true,"href":"https:\/\/off-sense.com\/pl_PL\/wp-json\/wp\/v2\/product_tag?post=161"}],"curies":[{"name":"wp","href":"https:\/\/api.w.org\/{rel}","templated":true}]}}