{"id":142,"date":"2025-02-27T21:20:17","date_gmt":"2025-02-27T21:20:17","guid":{"rendered":"https:\/\/off-sense.com\/?post_type=product&#038;p=142"},"modified":"2026-04-15T14:19:26","modified_gmt":"2026-04-15T14:19:26","slug":"bluza-premium-it-is-not-that-simple","status":"publish","type":"product","link":"https:\/\/off-sense.com\/pl_PL\/produkt\/bluza-premium-it-is-not-that-simple\/","title":{"rendered":"Simple &#8216;The Beginning&#8217; Crewneck"},"content":{"rendered":"","protected":false},"excerpt":{"rendered":"<p><strong><span style=\"color: #191970;\">Nie chodzi o to, czy co\u015b jest trudne. Chodzi o to, ile zajmie czasu. W gruncie rzeczy wszystko jest proste - trzeba tylko po\u015bwi\u0119ci\u0107 na to troch\u0119 czasu.<\/span><\/strong><\/p>","protected":false},"featured_media":1397,"template":"","meta":[],"product_brand":[],"product_cat":[26,28],"product_tag":[],"class_list":{"0":"post-142","1":"product","2":"type-product","3":"status-publish","4":"has-post-thumbnail","6":"product_cat-all-products","7":"product_cat-clothes-inspired-by-quality","9":"first","10":"instock","11":"taxable","12":"shipping-taxable","13":"purchasable","14":"product-type-variable"},"_links":{"self":[{"href":"https:\/\/off-sense.com\/pl_PL\/wp-json\/wp\/v2\/product\/142","targetHints":{"allow":["GET"]}}],"collection":[{"href":"https:\/\/off-sense.com\/pl_PL\/wp-json\/wp\/v2\/product"}],"about":[{"href":"https:\/\/off-sense.com\/pl_PL\/wp-json\/wp\/v2\/types\/product"}],"wp:featuredmedia":[{"embeddable":true,"href":"https:\/\/off-sense.com\/pl_PL\/wp-json\/wp\/v2\/media\/1397"}],"wp:attachment":[{"href":"https:\/\/off-sense.com\/pl_PL\/wp-json\/wp\/v2\/media?parent=142"}],"wp:term":[{"taxonomy":"product_brand","embeddable":true,"href":"https:\/\/off-sense.com\/pl_PL\/wp-json\/wp\/v2\/product_brand?post=142"},{"taxonomy":"product_cat","embeddable":true,"href":"https:\/\/off-sense.com\/pl_PL\/wp-json\/wp\/v2\/product_cat?post=142"},{"taxonomy":"product_tag","embeddable":true,"href":"https:\/\/off-sense.com\/pl_PL\/wp-json\/wp\/v2\/product_tag?post=142"}],"curies":[{"name":"wp","href":"https:\/\/api.w.org\/{rel}","templated":true}]}}