{"id":1186,"date":"2025-06-11T22:29:22","date_gmt":"2025-06-11T22:29:22","guid":{"rendered":"https:\/\/off-sense.com\/?post_type=product&#038;p=1186"},"modified":"2026-03-30T08:32:14","modified_gmt":"2026-03-30T08:32:14","slug":"marshmallow-kiss-cuddle-bag","status":"publish","type":"product","link":"https:\/\/off-sense.com\/pl_PL\/produkt\/marshmallow-kiss-cuddle-bag\/","title":{"rendered":"Marshmallow Kiss Cuddle Bag"},"content":{"rendered":"","protected":false},"excerpt":{"rendered":"<p><span style=\"font-size: 85%; color: #cf4c89;\"><strong>Delikatna, mi\u0119kka i lekko puszysta. Torebka, kt\u00f3ra dodaje stylizacji s\u0142odkiego, figlarnego akcentu. Przyci\u0105ga spojrzenia, wywo\u0142uje u\u015bmiech i dodaje s\u0142odkiej lekko\u015bci ka\u017cdemu outfitowi.<\/strong><\/span><\/p>","protected":false},"featured_media":1364,"template":"","meta":[],"product_brand":[],"product_cat":[26,27],"product_tag":[],"class_list":{"0":"post-1186","1":"product","2":"type-product","3":"status-publish","4":"has-post-thumbnail","6":"product_cat-all-products","7":"product_cat-handmade-cuddle-bags","9":"first","10":"instock","11":"taxable","12":"shipping-taxable","13":"purchasable","14":"product-type-simple"},"_links":{"self":[{"href":"https:\/\/off-sense.com\/pl_PL\/wp-json\/wp\/v2\/product\/1186","targetHints":{"allow":["GET"]}}],"collection":[{"href":"https:\/\/off-sense.com\/pl_PL\/wp-json\/wp\/v2\/product"}],"about":[{"href":"https:\/\/off-sense.com\/pl_PL\/wp-json\/wp\/v2\/types\/product"}],"wp:featuredmedia":[{"embeddable":true,"href":"https:\/\/off-sense.com\/pl_PL\/wp-json\/wp\/v2\/media\/1364"}],"wp:attachment":[{"href":"https:\/\/off-sense.com\/pl_PL\/wp-json\/wp\/v2\/media?parent=1186"}],"wp:term":[{"taxonomy":"product_brand","embeddable":true,"href":"https:\/\/off-sense.com\/pl_PL\/wp-json\/wp\/v2\/product_brand?post=1186"},{"taxonomy":"product_cat","embeddable":true,"href":"https:\/\/off-sense.com\/pl_PL\/wp-json\/wp\/v2\/product_cat?post=1186"},{"taxonomy":"product_tag","embeddable":true,"href":"https:\/\/off-sense.com\/pl_PL\/wp-json\/wp\/v2\/product_tag?post=1186"}],"curies":[{"name":"wp","href":"https:\/\/api.w.org\/{rel}","templated":true}]}}