{"id":1171,"date":"2025-06-11T15:35:45","date_gmt":"2025-06-11T15:35:45","guid":{"rendered":"https:\/\/off-sense.com\/?post_type=product&#038;p=1171"},"modified":"2026-03-30T06:43:40","modified_gmt":"2026-03-30T06:43:40","slug":"morning-haze-cuddle-bag","status":"publish","type":"product","link":"https:\/\/off-sense.com\/pl_PL\/produkt\/morning-haze-cuddle-bag\/","title":{"rendered":"Morning Haze Cuddle Bag"},"content":{"rendered":"<p>D\u0142ugi opis<\/p>\n<p>xxx<\/p>\n<p>xxx<\/p>","protected":false},"excerpt":{"rendered":"<p class=\"translation-block\"><span style=\"font-size: 85%\"><strong><span style=\"color: #659ec9\"><span>Torebka, kt\u00f3ra pozwala na chwil\u0119 si\u0119 zatrzyma\u0107. Mi\u0119kka w dotyku i spokojna jak poranna mg\u0142a. Daje chwil\u0119 wytchnienia i przestrze\u0144 na g\u0142\u0119boki oddech - w sam raz, \u017ceby zacz\u0105\u0107 dzie\u0144 we w\u0142asnym tempie.<\/p>\n<p>&nbsp;<\/p>","protected":false},"featured_media":1445,"template":"","meta":[],"product_brand":[],"product_cat":[26,27],"product_tag":[],"class_list":{"0":"post-1171","1":"product","2":"type-product","3":"status-publish","4":"has-post-thumbnail","6":"product_cat-all-products","7":"product_cat-handmade-cuddle-bags","9":"first","10":"instock","11":"taxable","12":"shipping-taxable","13":"purchasable","14":"product-type-simple"},"_links":{"self":[{"href":"https:\/\/off-sense.com\/pl_PL\/wp-json\/wp\/v2\/product\/1171","targetHints":{"allow":["GET"]}}],"collection":[{"href":"https:\/\/off-sense.com\/pl_PL\/wp-json\/wp\/v2\/product"}],"about":[{"href":"https:\/\/off-sense.com\/pl_PL\/wp-json\/wp\/v2\/types\/product"}],"wp:featuredmedia":[{"embeddable":true,"href":"https:\/\/off-sense.com\/pl_PL\/wp-json\/wp\/v2\/media\/1445"}],"wp:attachment":[{"href":"https:\/\/off-sense.com\/pl_PL\/wp-json\/wp\/v2\/media?parent=1171"}],"wp:term":[{"taxonomy":"product_brand","embeddable":true,"href":"https:\/\/off-sense.com\/pl_PL\/wp-json\/wp\/v2\/product_brand?post=1171"},{"taxonomy":"product_cat","embeddable":true,"href":"https:\/\/off-sense.com\/pl_PL\/wp-json\/wp\/v2\/product_cat?post=1171"},{"taxonomy":"product_tag","embeddable":true,"href":"https:\/\/off-sense.com\/pl_PL\/wp-json\/wp\/v2\/product_tag?post=1171"}],"curies":[{"name":"wp","href":"https:\/\/api.w.org\/{rel}","templated":true}]}}