{"id":359,"date":"2025-03-01T21:38:21","date_gmt":"2025-03-01T21:38:21","guid":{"rendered":"https:\/\/off-sense.com\/?page_id=359"},"modified":"2026-03-23T21:06:57","modified_gmt":"2026-03-23T21:06:57","slug":"shipping","status":"publish","type":"page","link":"https:\/\/off-sense.com\/pl_PL\/shipping\/","title":{"rendered":"Dostawy"},"content":{"rendered":"<div class=\"row\"  id=\"row-1107375367\">\n\n\n\t<div id=\"col-411662368\" class=\"col small-12 large-12\"  >\n\t\t\t\t<div class=\"col-inner\"  >\n\t\t\t\n\t\t\t\n\n<h2><span style=\"font-size: 95%;\"><strong>Dostawy<\/strong><\/span><\/h2>\n\n\t\t<\/div>\n\t\t\t\t\t<\/div>\n\n\t\n\n<\/div>\n<div class=\"row\"  id=\"row-695143294\">\n\n\n\t<div id=\"col-633840348\" class=\"col small-12 large-12\"  >\n\t\t\t\t<div class=\"col-inner\"  >\n\t\t\t\n\t\t\t\n\n<p><span style=\"font-size: 90%;\"><strong>Wszystkie nasze produkty wysy\u0142amy z Polski.<\/strong><\/span><\/p>\n<p><span style=\"font-size: 90%;\"><strong>Polska:<\/strong> Wszystkie zam\u00f3wienia w Polsce dostarczane s\u0105 za po\u015brednictwem firmy InPost.<\/span><\/p>\n<p><span style=\"font-size: 90%;\"><strong>Mi\u0119dzynarodowo:<\/strong> Wszystkie zam\u00f3wienia poza Polsk\u0105 s\u0105 dostarczane za po\u015brednictwem firm InPost, DPD, UPS, DHL oraz FedEx. W krajach, gdzie dostawa przez tych kurier\u00f3w nie jest mo\u017cliwa, do\u0142o\u017cymy wszelkich stara\u0144, aby zrealizowa\u0107 dostaw\u0119 przy pomocy lokalnych dostawc\u00f3w.<\/span><\/p>\n<p><span style=\"font-size: 90%;\"><strong>Waluta:<\/strong> 1 PLN = ~ 0,25 \u20ac (e.g. 100 PLN = ~ 25\u20ac) - W zale\u017cno\u015bci od aktualnego kursu wymiany walut.<\/span><\/p>\n<p><span style=\"font-size: 85%;\">Poni\u017csze koszty wysy\u0142ki s\u0105 obliczane przy finalizacji zam\u00f3wienia. Wszystkie obowi\u0105zuj\u0105ce podatki importowe oraz c\u0142a le\u017c\u0105 po stronie klienta. W celu uzyskania dodatkowych informacji dotycz\u0105cych ce\u0142 i podatk\u00f3w prosimy o kontakt z lokalnym urz\u0119dem celnym.<\/span><\/p>\n<p><span style=\"font-size: 90%;\"><strong>Koszty wysy\u0142ki:<\/strong><\/span><\/p>\n\n\t\t<\/div>\n\t\t\t\t\t<\/div>\n\n\t\n\n<\/div>\n<div class=\"row\"  id=\"row-949814563\">\n\n\n\t<div id=\"col-359764488\" class=\"col medium-3 small-6 large-3\"  >\n\t\t\t\t<div class=\"col-inner\"  >\n\t\t\t\n\t\t\t\n\n\n<table id=\"tablepress-1\" class=\"tablepress tablepress-id-1 tbody-has-connected-cells\">\n<thead>\n<tr class=\"row-1\">\n\t<th class=\"column-1\">Zone<\/th><th class=\"column-2\">Country<\/th><th class=\"column-3\">Price<\/th><th class=\"column-4\">Shipping time<\/th>\n<\/tr>\n<\/thead>\n<tbody>\n<tr class=\"row-2\">\n\t<td class=\"column-1\">Zero<\/td><td class=\"column-2\"><\/td><td class=\"column-3\"><\/td><td class=\"column-4\"><\/td>\n<\/tr>\n<tr class=\"row-3\">\n\t<td class=\"column-1\"><\/td><td class=\"column-2\">Poland<\/td><td class=\"column-3\">10 PLN (free shipping from 500 PLN)<\/td><td class=\"column-4\">1-3 days<\/td>\n<\/tr>\n<tr class=\"row-4\">\n\t<td class=\"column-1\">First<\/td><td class=\"column-2\"><\/td><td class=\"column-3\"><\/td><td class=\"column-4\"><\/td>\n<\/tr>\n<tr class=\"row-5\">\n\t<td class=\"column-1\"><\/td><td class=\"column-2\">Belgium<\/td><td rowspan=\"10\" class=\"column-3\">35 PLN (free shipping from 700 PLN)<\/td><td rowspan=\"10\" class=\"column-4\">2-5 days<\/td>\n<\/tr>\n<tr class=\"row-6\">\n\t<td class=\"column-1\"><\/td><td class=\"column-2\">France<\/td>\n<\/tr>\n<tr class=\"row-7\">\n\t<td class=\"column-1\"><\/td><td class=\"column-2\">Netherlands<\/td>\n<\/tr>\n<tr class=\"row-8\">\n\t<td class=\"column-1\"><\/td><td class=\"column-2\">Luxembourg<\/td>\n<\/tr>\n<tr class=\"row-9\">\n\t<td class=\"column-1\"><\/td><td class=\"column-2\">Spain<\/td>\n<\/tr>\n<tr class=\"row-10\">\n\t<td class=\"column-1\"><\/td><td class=\"column-2\">Portugal<\/td>\n<\/tr>\n<tr class=\"row-11\">\n\t<td class=\"column-1\"><\/td><td class=\"column-2\">Italy<\/td>\n<\/tr>\n<tr class=\"row-12\">\n\t<td class=\"column-1\"><\/td><td class=\"column-2\">Germany<\/td>\n<\/tr>\n<tr class=\"row-13\">\n\t<td class=\"column-1\"><\/td><td class=\"column-2\">Czech Republic<\/td>\n<\/tr>\n<tr class=\"row-14\">\n\t<td class=\"column-1\"><\/td><td class=\"column-2\">Slovakia<\/td>\n<\/tr>\n<tr class=\"row-15\">\n\t<td class=\"column-1\">Second<\/td><td class=\"column-2\"><\/td><td class=\"column-3\"><\/td><td class=\"column-4\"><\/td>\n<\/tr>\n<tr class=\"row-16\">\n\t<td class=\"column-1\"><\/td><td class=\"column-2\">Denmark<\/td><td rowspan=\"28\" class=\"column-3\">55 PLN (free shipping from 700 PLN)<\/td><td rowspan=\"28\" class=\"column-4\">2-5 days<\/td>\n<\/tr>\n<tr class=\"row-17\">\n\t<td class=\"column-1\"><\/td><td class=\"column-2\">Estonia<\/td>\n<\/tr>\n<tr class=\"row-18\">\n\t<td class=\"column-1\"><\/td><td class=\"column-2\">Finland<\/td>\n<\/tr>\n<tr class=\"row-19\">\n\t<td class=\"column-1\"><\/td><td class=\"column-2\">Ireland<\/td>\n<\/tr>\n<tr class=\"row-20\">\n\t<td class=\"column-1\"><\/td><td class=\"column-2\">Iceland<\/td>\n<\/tr>\n<tr class=\"row-21\">\n\t<td class=\"column-1\"><\/td><td class=\"column-2\">Lithuania<\/td>\n<\/tr>\n<tr class=\"row-22\">\n\t<td class=\"column-1\"><\/td><td class=\"column-2\">Latvia<\/td>\n<\/tr>\n<tr class=\"row-23\">\n\t<td class=\"column-1\"><\/td><td class=\"column-2\">Norway<\/td>\n<\/tr>\n<tr class=\"row-24\">\n\t<td class=\"column-1\"><\/td><td class=\"column-2\">Sweden<\/td>\n<\/tr>\n<tr class=\"row-25\">\n\t<td class=\"column-1\"><\/td><td class=\"column-2\">Albania<\/td>\n<\/tr>\n<tr class=\"row-26\">\n\t<td class=\"column-1\"><\/td><td class=\"column-2\">Bosnia and Herzegovina<\/td>\n<\/tr>\n<tr class=\"row-27\">\n\t<td class=\"column-1\"><\/td><td class=\"column-2\">Bulgaria<\/td>\n<\/tr>\n<tr class=\"row-28\">\n\t<td class=\"column-1\"><\/td><td class=\"column-2\">Croatia<\/td>\n<\/tr>\n<tr class=\"row-29\">\n\t<td class=\"column-1\"><\/td><td class=\"column-2\">Macedonia<\/td>\n<\/tr>\n<tr class=\"row-30\">\n\t<td class=\"column-1\"><\/td><td class=\"column-2\">Greece<\/td>\n<\/tr>\n<tr class=\"row-31\">\n\t<td class=\"column-1\"><\/td><td class=\"column-2\">North Macedonia<\/td>\n<\/tr>\n<tr class=\"row-32\">\n\t<td class=\"column-1\"><\/td><td class=\"column-2\">Serbia<\/td>\n<\/tr>\n<tr class=\"row-33\">\n\t<td class=\"column-1\"><\/td><td class=\"column-2\">Romania<\/td>\n<\/tr>\n<tr class=\"row-34\">\n\t<td class=\"column-1\"><\/td><td class=\"column-2\">Hungary<\/td>\n<\/tr>\n<tr class=\"row-35\">\n\t<td class=\"column-1\"><\/td><td class=\"column-2\">Slovenia<\/td>\n<\/tr>\n<tr class=\"row-36\">\n\t<td class=\"column-1\"><\/td><td class=\"column-2\">Belarus<\/td>\n<\/tr>\n<tr class=\"row-37\">\n\t<td class=\"column-1\"><\/td><td class=\"column-2\">Moldova<\/td>\n<\/tr>\n<tr class=\"row-38\">\n\t<td class=\"column-1\"><\/td><td class=\"column-2\">Russia<\/td>\n<\/tr>\n<tr class=\"row-39\">\n\t<td class=\"column-1\"><\/td><td class=\"column-2\">Andorra<\/td>\n<\/tr>\n<tr class=\"row-40\">\n\t<td class=\"column-1\"><\/td><td class=\"column-2\">Ukrain\u0119<\/td>\n<\/tr>\n<tr class=\"row-41\">\n\t<td class=\"column-1\"><\/td><td class=\"column-2\">Austria<\/td>\n<\/tr>\n<tr class=\"row-42\">\n\t<td class=\"column-1\"><\/td><td class=\"column-2\">Liechtenstein<\/td>\n<\/tr>\n<tr class=\"row-43\">\n\t<td class=\"column-1\"><\/td><td class=\"column-2\">Malta<\/td>\n<\/tr>\n<tr class=\"row-44\">\n\t<td class=\"column-1\">Third<\/td><td class=\"column-2\"><\/td><td class=\"column-3\"><\/td><td class=\"column-4\"><\/td>\n<\/tr>\n<tr class=\"row-45\">\n\t<td class=\"column-1\"><\/td><td class=\"column-2\">\u00c5land Islands<\/td><td rowspan=\"12\" class=\"column-3\">120 PLN (free shipping from 700 PLN)<\/td><td rowspan=\"12\" class=\"column-4\">2-7 days<\/td>\n<\/tr>\n<tr class=\"row-46\">\n\t<td class=\"column-1\"><\/td><td class=\"column-2\">Faroe Islands<\/td>\n<\/tr>\n<tr class=\"row-47\">\n\t<td class=\"column-1\"><\/td><td class=\"column-2\">Gibraltar<\/td>\n<\/tr>\n<tr class=\"row-48\">\n\t<td class=\"column-1\"><\/td><td class=\"column-2\">Guernsey<\/td>\n<\/tr>\n<tr class=\"row-49\">\n\t<td class=\"column-1\"><\/td><td class=\"column-2\">Isle of Man<\/td>\n<\/tr>\n<tr class=\"row-50\">\n\t<td class=\"column-1\"><\/td><td class=\"column-2\">Jersey<\/td>\n<\/tr>\n<tr class=\"row-51\">\n\t<td class=\"column-1\"><\/td><td class=\"column-2\">Monaco<\/td>\n<\/tr>\n<tr class=\"row-52\">\n\t<td class=\"column-1\"><\/td><td class=\"column-2\">San Marino<\/td>\n<\/tr>\n<tr class=\"row-53\">\n\t<td class=\"column-1\"><\/td><td class=\"column-2\">Svalbard i Jan Mayen <\/td>\n<\/tr>\n<tr class=\"row-54\">\n\t<td class=\"column-1\"><\/td><td class=\"column-2\">Switzerland<\/td>\n<\/tr>\n<tr class=\"row-55\">\n\t<td class=\"column-1\"><\/td><td class=\"column-2\">Great Britain<\/td>\n<\/tr>\n<tr class=\"row-56\">\n\t<td class=\"column-1\"><\/td><td class=\"column-2\">Vatican<\/td>\n<\/tr>\n<tr class=\"row-57\">\n\t<td class=\"column-1\">Fourth<\/td><td class=\"column-2\"><\/td><td class=\"column-3\"><\/td><td class=\"column-4\"><\/td>\n<\/tr>\n<tr class=\"row-58\">\n\t<td class=\"column-1\"><\/td><td class=\"column-2\">Rest of the world<\/td><td class=\"column-3\">220 z\u0142<\/td><td class=\"column-4\">2-20 days<\/td>\n<\/tr>\n<\/tbody>\n<\/table>\n\n\n\t\t<\/div>\n\t\t\t\t\t<\/div>\n\n\t\n\n<\/div>\n\n\n\n<p><\/p>","protected":false},"excerpt":{"rendered":"","protected":false},"author":1,"featured_media":0,"parent":0,"menu_order":0,"comment_status":"closed","ping_status":"closed","template":"","meta":{"footnotes":""},"class_list":["post-359","page","type-page","status-publish","hentry"],"_links":{"self":[{"href":"https:\/\/off-sense.com\/pl_PL\/wp-json\/wp\/v2\/pages\/359","targetHints":{"allow":["GET"]}}],"collection":[{"href":"https:\/\/off-sense.com\/pl_PL\/wp-json\/wp\/v2\/pages"}],"about":[{"href":"https:\/\/off-sense.com\/pl_PL\/wp-json\/wp\/v2\/types\/page"}],"author":[{"embeddable":true,"href":"https:\/\/off-sense.com\/pl_PL\/wp-json\/wp\/v2\/users\/1"}],"replies":[{"embeddable":true,"href":"https:\/\/off-sense.com\/pl_PL\/wp-json\/wp\/v2\/comments?post=359"}],"version-history":[{"count":27,"href":"https:\/\/off-sense.com\/pl_PL\/wp-json\/wp\/v2\/pages\/359\/revisions"}],"predecessor-version":[{"id":2035,"href":"https:\/\/off-sense.com\/pl_PL\/wp-json\/wp\/v2\/pages\/359\/revisions\/2035"}],"wp:attachment":[{"href":"https:\/\/off-sense.com\/pl_PL\/wp-json\/wp\/v2\/media?parent=359"}],"curies":[{"name":"wp","href":"https:\/\/api.w.org\/{rel}","templated":true}]}}