{"id":358,"date":"2025-03-01T21:39:52","date_gmt":"2025-03-01T21:39:52","guid":{"rendered":"https:\/\/off-sense.com\/?page_id=358"},"modified":"2026-03-23T22:42:01","modified_gmt":"2026-03-23T22:42:01","slug":"privacy_policy","status":"publish","type":"page","link":"https:\/\/off-sense.com\/pl_PL\/privacy_policy\/","title":{"rendered":"Polityka prywatno\u015bci"},"content":{"rendered":"<section class=\"section\" id=\"section_1729628148\">\n\t\t<div class=\"section-bg fill\" >\n\t\t\t\t\t\t\t\t\t\n\t\t\t\n\n\t\t<\/div>\n\n\t\t\n\n\t\t<div class=\"section-content relative\">\n\t\t\t\n\n<div class=\"row\"  id=\"row-922422856\">\n\n\n\t<div id=\"col-996565463\" class=\"col medium-4 small-12 large-3\"  >\n\t\t\t\t<div class=\"col-inner\"  >\n\t\t\t\n\t\t\t\n\n\t<div id=\"text-1901223932\" class=\"text\">\n\t\t\n\n<h2><strong>Polityka prywatno\u015bci<\/strong><\/h2>\n\t\t\n<style>\n#text-1901223932 {\n  font-size: 0.85rem;\n  line-height: 0.75;\n  text-align: center;\n}\n<\/style>\n\t<\/div>\n\t\n\n\t\t<\/div>\n\t\t\t\t\t<\/div>\n\n\t\n\n\t<div id=\"col-1569842682\" class=\"col medium-8 small-12 large-8\"  >\n\t\t\t\t<div class=\"col-inner\"  >\n\t\t\t\n\t\t\t\n\n\t<div id=\"text-899116175\" class=\"text about-text\">\n\t\t\n\n<p><strong>Administrator danych<\/strong><\/p>\n<p>Administratorem danych w sklepie internetowym pod adresem www.off-sense.com jest firma \u201eStanis\u0142aw Niewiadomski off-sense\u201d z siedzib\u0105 w Stoczkek-Kolonia 6A, 21-025 Niemce, NIP: 7133117041, REGON: 521005965.<\/p>\n<p><strong>Przetwarzanie danych osobowych<\/strong><\/p>\n<p>Dane osobowe podawane podczas tworzenia konta klienta s\u0105 niezb\u0119dne do prawid\u0142owej realizacji procesu zakupu. Imi\u0119, nazwisko, adres, adres e-mail oraz numer telefonu s\u0105 przekazywane firmie kurierskiej przy wysy\u0142ce przesy\u0142ek. Adres e-mail jest r\u00f3wnie\u017c wykorzystywany przez Sklep do przesy\u0142ania informacji o statusie zam\u00f3wienia oraz do kontaktu z konsumentem. Ka\u017cdy klient mo\u017ce w dowolnym momencie usun\u0105\u0107 swoje dane z systemu \u2013 w tym celu prosimy o kontakt pod adresem e-mail: <strong>office@off-sense.com<\/strong><\/p>\n<p><strong>Ciasteczka<\/strong><\/p>\n<p>1. Sklep nie gromadzi automatycznie \u017cadnych informacji, z wyj\u0105tkiem danych zawartych w plikach cookies.<\/p>\n<p>2. Pliki cookies to dane komputerowe zawieraj\u0105ce ma\u0142e pliki tekstowe, zapisywane na urz\u0105dzeniu ko\u0144cowym U\u017cytkownika Sklepu i przeznaczone do obs\u0142ugi stron internetowych Sklepu. Pliki cookies przechowuj\u0105 informacje o stronie internetowej, z kt\u00f3rej pochodz\u0105, czasie ich zapisania na urz\u0105dzeniu ko\u0144cowym oraz unikalnym numerze.<\/p>\n<p>3. Podmiotem, kt\u00f3ry umieszcza pliki cookies na urz\u0105dzeniu ko\u0144cowym U\u017cytkownika Sklepu i uzyskuje do nich dost\u0119p, jest operator Sklepu.<\/p>\n<p>4. Pliki cookies s\u0105 wykorzystywane w nast\u0119puj\u0105cych celach:<\/p>\n<p>\u25e6 Dostosowanie zawarto\u015bci stron Sklepu do preferencji U\u017cytkownika oraz optymalizacja korzystania ze stron; pliki te pozwalaj\u0105 na rozpoznanie urz\u0105dzenia U\u017cytkownika i dostosowanie strony do jego indywidualnych potrzeb;<\/p>\n<p>\u25e6 Tworzenie statystyk, kt\u00f3re pomagaj\u0105 zrozumie\u0107, w jaki spos\u00f3b U\u017cytkownicy korzystaj\u0105 ze Sklepu Internetowego, co umo\u017cliwia ulepszanie jego zawarto\u015bci i funkcjonalno\u015bci.<\/p>\n<p>5.\tSklep wykorzystuje dwa rodzaje plik\u00f3w cookies: \u201esesyjne\u201d i \u201esta\u0142e\u201d. Pliki cookies \u201esesyjne\u201d to dane tymczasowe, przechowywane na urz\u0105dzeniu U\u017cytkownika do momentu opuszczenia strony lub zamkni\u0119cia przegl\u0105darki. Natomiast pliki cookies \u201esta\u0142e\u201d pozostaj\u0105 na urz\u0105dzeniu ko\u0144cowym U\u017cytkownika przez okre\u015blony czas lub do momentu ich usuni\u0119cia przez U\u017cytkownika.<\/p>\n<p>6.\tWykorzystywane pliki cookies obejmuj\u0105:<\/p>\n<p>\u25e6 Pliki cookies \u201eniezb\u0119dne\u201d, kt\u00f3re umo\u017cliwiaj\u0105 korzystanie z us\u0142ug Sklepu, np. pliki cookies uwierzytelniaj\u0105ce, s\u0142u\u017c\u0105ce do logowania si\u0119 do Sklepu;<\/p>\n<p>\u25e6 Pliki cookies zapewniaj\u0105ce bezpiecze\u0144stwo, kt\u00f3re chroni\u0105 przed nadu\u017cyciami, np. w procesie uwierzytelniania U\u017cytkownika;<\/p>\n<p>\u25e6 Pliki cookies \u201ewydajno\u015bciowe\u201d, kt\u00f3re zbieraj\u0105 dane o tym, jak wykorzystywana jest strona internetowa, co pomaga w poprawie jej dzia\u0142ania;<\/p>\n<p>\u25e6 Pliki cookies \u201efunkcjonalne\u201d, kt\u00f3re pami\u0119taj\u0105 ustawienia U\u017cytkownika i personalizuj\u0105 interfejs, np. w zakresie wybranego j\u0119zyka lub regionu;<\/p>\n<p>\u25e6 Pliki cookies \u201ereklamowe\u201d, kt\u00f3re umo\u017cliwiaj\u0105 dostosowanie tre\u015bci reklamowych do zainteresowa\u0144 U\u017cytkownika.<\/p>\n<p>7.\tWi\u0119kszo\u015b\u0107 przegl\u0105darek internetowych umo\u017cliwia domy\u015blne przechowywanie plik\u00f3w cookies na urz\u0105dzeniu U\u017cytkownika. U\u017cytkownicy Sklepu mog\u0105 w ka\u017cdej chwili zmieni\u0107 ustawienia dotycz\u0105ce cookies. Ustawienia te mog\u0105 pozwoli\u0107 na zablokowanie automatycznego obs\u0142ugiwania plik\u00f3w cookies, a tak\u017ce informowa\u0107 o ka\u017cdym przypadku ich zapisywania na urz\u0105dzeniu U\u017cytkownika. Szczeg\u00f3\u0142owe informacje na temat obs\u0142ugi plik\u00f3w cookies mo\u017cna znale\u017a\u0107 w ustawieniach przegl\u0105darki internetowej.<\/p>\n<p>8.\tOperator Sklepu mo\u017ce wykorzystywa\u0107 pliki cookies do dostosowania wy\u015bwietlanej tre\u015bci do preferencji U\u017cytkownika.<\/p>\n<p>9.\tPliki cookies mog\u0105 by\u0107 r\u00f3wnie\u017c umieszczane na urz\u0105dzeniu U\u017cytkownika Sklepu i wykorzystywane przez reklamodawc\u00f3w oraz partner\u00f3w wsp\u00f3\u0142pracuj\u0105cych z Operatorem Sklepu.<\/p>\n\t\t\n<style>\n#text-899116175 {\n  font-size: 0.8rem;\n}\n@media (min-width:550px) {\n  #text-899116175 {\n    font-size: 0.9rem;\n  }\n}\n<\/style>\n\t<\/div>\n\t\n\n\t\t<\/div>\n\t\t\t\t\t<\/div>\n\n\t\n\n<\/div>\n\n\t\t<\/div>\n\n\t\t\n<style>\n#section_1729628148 {\n  padding-top: 10px;\n  padding-bottom: 10px;\n}\n<\/style>\n\t<\/section>","protected":false},"excerpt":{"rendered":"","protected":false},"author":1,"featured_media":0,"parent":0,"menu_order":0,"comment_status":"closed","ping_status":"closed","template":"","meta":{"footnotes":""},"class_list":["post-358","page","type-page","status-publish","hentry"],"_links":{"self":[{"href":"https:\/\/off-sense.com\/pl_PL\/wp-json\/wp\/v2\/pages\/358","targetHints":{"allow":["GET"]}}],"collection":[{"href":"https:\/\/off-sense.com\/pl_PL\/wp-json\/wp\/v2\/pages"}],"about":[{"href":"https:\/\/off-sense.com\/pl_PL\/wp-json\/wp\/v2\/types\/page"}],"author":[{"embeddable":true,"href":"https:\/\/off-sense.com\/pl_PL\/wp-json\/wp\/v2\/users\/1"}],"replies":[{"embeddable":true,"href":"https:\/\/off-sense.com\/pl_PL\/wp-json\/wp\/v2\/comments?post=358"}],"version-history":[{"count":22,"href":"https:\/\/off-sense.com\/pl_PL\/wp-json\/wp\/v2\/pages\/358\/revisions"}],"predecessor-version":[{"id":2043,"href":"https:\/\/off-sense.com\/pl_PL\/wp-json\/wp\/v2\/pages\/358\/revisions\/2043"}],"wp:attachment":[{"href":"https:\/\/off-sense.com\/pl_PL\/wp-json\/wp\/v2\/media?parent=358"}],"curies":[{"name":"wp","href":"https:\/\/api.w.org\/{rel}","templated":true}]}}