{"id":122,"date":"2025-02-27T20:29:24","date_gmt":"2025-02-27T20:29:24","guid":{"rendered":"https:\/\/off-sense.com\/?page_id=122"},"modified":"2026-03-23T22:34:30","modified_gmt":"2026-03-23T22:34:30","slug":"terms_and_conditions","status":"publish","type":"page","link":"https:\/\/off-sense.com\/pl_PL\/terms_and_conditions\/","title":{"rendered":"Regulamin"},"content":{"rendered":"<section class=\"section\" id=\"section_339005454\">\n\t\t<div class=\"section-bg fill\" >\n\t\t\t\t\t\t\t\t\t\n\t\t\t\n\n\t\t<\/div>\n\n\t\t\n\n\t\t<div class=\"section-content relative\">\n\t\t\t\n\n<div class=\"row\"  id=\"row-1902293927\">\n\n\n\t<div id=\"col-286444864\" class=\"col medium-4 small-12 large-3\"  >\n\t\t\t\t<div class=\"col-inner\"  >\n\t\t\t\n\t\t\t\n\n\t<div id=\"text-76177185\" class=\"text\">\n\t\t\n\n<h2><strong>Regulamin<\/strong><\/h2>\n\t\t\n<style>\n#text-76177185 {\n  font-size: 0.85rem;\n  line-height: 0.75;\n  text-align: center;\n}\n<\/style>\n\t<\/div>\n\t\n\n\t\t<\/div>\n\t\t\t\t\t<\/div>\n\n\t\n\n\t<div id=\"col-1109688096\" class=\"col medium-8 small-12 large-8\"  >\n\t\t\t\t<div class=\"col-inner\"  >\n\t\t\t\n\t\t\t\n\n\t<div id=\"text-1123432356\" class=\"text about-text\">\n\t\t\n\n<p><strong>\u00a7 1. Postanowienia og\u00f3lne<\/strong><\/p>\n<p>1.1. Niniejszy Regulamin (zwany dalej \u201eRegulaminem\u201d) okre\u015bla zasady korzystania ze sklepu internetowego www.off-sense.com, dost\u0119pnego pod adresem URL www.off-sense.com, prowadzonego przez Stanis\u0142awa Niewiadomskiego, z siedzib\u0105 w Stoczek-Kolonia 6A, 21-025 Niemce, dzia\u0142aj\u0105cego pod nazw\u0105 \u201eStanis\u0142aw Niewiadomski off-sense\u201d, wpisanego do CEIDG, NIP: 7133117041, REGON: 521005965, zwanego dalej \u201eSklepem\u201d.<\/p>\n<p>1.2. Niniejszy Regulamin jest skierowany do Konsument\u00f3w i okre\u015bla zasady zawierania Umowy Sprzeda\u017cy na odleg\u0142o\u015b\u0107 za po\u015brednictwem Sklepu. Ka\u017cda osoba powinna zapozna\u0107 si\u0119 z postanowieniami niniejszego Regulaminu przed rozpocz\u0119ciem korzystania z us\u0142ug Sklepu.<\/p>\n<p>1.3. Sk\u0142adanie zam\u00f3wie\u0144 w Sklepie jest mo\u017cliwe tylko wtedy, gdy Klient posiada aktywne konto e-mail.<\/p>\n<p><strong>\u00a7 2. Definicje<\/strong><\/p>\n<p>2.1. Konsument \u2013 osoba fizyczna zawieraj\u0105ca umow\u0119 ze Sprzedawc\u0105 w ramach Sklepu, kt\u00f3rej przedmiot nie jest zwi\u0105zany z jej dzia\u0142alno\u015bci\u0105 zawodow\u0105 ani gospodarcz\u0105.<\/p>\n<p>2.2. Klient \u2013 ka\u017cda osoba lub podmiot dokonuj\u0105cy zakupu w Sklepie.<\/p>\n<p>2.3. Sklep \u2013 sklep internetowy prowadzony przez Sprzedawc\u0119 pod adresem www.off-sense.com.<\/p>\n<p>2.4. Umowa na odleg\u0142o\u015b\u0107 \u2013 umowa zawarta z Klientem za po\u015brednictwem systemu sprzeda\u017cy w Sklepie, bez fizycznej obecno\u015bci stron, przy u\u017cyciu \u015brodk\u00f3w porozumiewania si\u0119 na odleg\u0142o\u015b\u0107.<\/p>\n<p>2.5. Regulamin \u2013 niniejszy regulamin Sklepu.<\/p>\n<p>2.6. Zam\u00f3wienie \u2013 o\u015bwiadczenie woli Klienta z\u0142o\u017cone za pomoc\u0105 formularza zam\u00f3wienia, maj\u0105ce na celu zawarcie Umowy Sprzeda\u017cy.<\/p>\n<p>2.7. Konto \u2013 indywidualne konto Klienta, w kt\u00f3rym przechowywane s\u0105 dane osobowe oraz historia zam\u00f3wie\u0144.<\/p>\n<p>2.8. Produkt \u2013 towar dost\u0119pny w Sklepie, b\u0119d\u0105cy przedmiotem Umowy Sprzeda\u017cy.<\/p>\n<p>2.9. Sprzedawca \u2013 Stanis\u0142aw Niewiadomski, prowadz\u0105cy dzia\u0142alno\u015b\u0107 gospodarcz\u0105, NIP: 7133117041, REGON: 521005965.<\/p>\n<p>2.10. Przedsprzeda\u017c \u2013 sprzeda\u017c produktu, w kt\u00f3rej produkcja zam\u00f3wionego towaru rozpoczyna si\u0119 po zako\u0144czeniu przedsprzeda\u017cy, przy czym przewidywana data dostawy podana jest na stronie produktu.<\/p>\n<p><strong>\u00a7 3. Kontakt ze Sklepem<\/strong><\/p>\n<p>3.1. Kontakt ze Sklepem jest mo\u017cliwy za po\u015brednictwem adresu e-mail: office@off-sense.com lub formularza kontaktowego dost\u0119pnego w sekcji \u201eKontakt\u201d na stronie internetowej Sklepu.<\/p>\n<p><strong>\u00a7 4. Wymagania techniczne<\/strong><\/p>\n<p>4.1. Aby korzysta\u0107 z us\u0142ug Sklepu, nale\u017cy posiada\u0107:<\/p>\n<ul>\n<li>urz\u0105dzenie z dost\u0119pem do internetu,<\/li>\n<li>aktywny adres e-mail,<\/li>\n<li>w\u0142\u0105czon\u0105 obs\u0142ug\u0119 plik\u00f3w cookies.<\/li>\n<\/ul>\n<p><strong>\u00a7 5. Informacje og\u00f3lne<\/strong><\/p>\n<p>5.1. Sprzedawca nie ponosi odpowiedzialno\u015bci za zak\u0142\u00f3cenia w dzia\u0142aniu Sklepu wynikaj\u0105ce z si\u0142y wy\u017cszej, dzia\u0142a\u0144 os\u00f3b trzecich lub niekompatybilno\u015bci system\u00f3w technicznych Klienta z infrastruktur\u0105 Sklepu.<\/p>\n<p>5.2. Ceny produkt\u00f3w w Sklepie s\u0105 cenami brutto, tzn. zawieraj\u0105 podatek VAT.<\/p>\n<p>5.3. Wszystkie obowi\u0105zuj\u0105ce podatki i c\u0142a importowe ponosi Klient.<\/p>\n<p><strong>\u00a7 6. Sk\u0142adanie zam\u00f3wienia<\/strong><\/p>\n<p>6.1. Aby z\u0142o\u017cy\u0107 zam\u00f3wienie, nale\u017cy:<\/p>\n<ol>\n<li>wybra\u0107 produkt,<\/li>\n<li>doda\u0107 go do koszyka,<\/li>\n<li>przej\u015b\u0107 do formularza zam\u00f3wienia i wprowadzi\u0107 dane niezb\u0119dne do realizacji zam\u00f3wienia (adres dostawy, dane do faktury, wyb\u00f3r sposobu dostawy i p\u0142atno\u015bci),<\/li>\n<li>potwierdzi\u0107 zam\u00f3wienie i dokona\u0107 p\u0142atno\u015bci wybran\u0105 metod\u0105.<\/li>\n<\/ol>\n<p><strong>\u00a7 7. Sposoby dostawy i p\u0142atno\u015bci<\/strong><\/p>\n<p>7.1. Klient mo\u017ce wybra\u0107 jeden z nast\u0119puj\u0105cych sposob\u00f3w dostawy:<\/p>\n<p>InPost Paczkomaty,<br \/>InPost Kurier,<br \/>dostawa mi\u0119dzynarodowa (InPost, DPD, UPS, DHL, FedEx)<\/p>\n<p><br \/>7.2. Dost\u0119pne formy p\u0142atno\u015bci:<\/p>\n<ul>\n<li>PayPal<\/li>\n<li>BLIK<\/li>\n<li>ApplePay<\/li>\n<li>GooglePay<\/li>\n<li>Mastercard<\/li>\n<li>Visa<\/li>\n<li>Przelewy24<\/li>\n<li>Klarna<\/li>\n<li>Revolut<\/li>\n<li>Stripe<\/li>\n<\/ul>\n<p>7.3. P\u0142atno\u015bci online s\u0105 obs\u0142ugiwane przez wskazanych powy\u017cej dostawc\u00f3w us\u0142ug p\u0142atniczych.<\/p>\n<p><strong>\u00a7 8. Realizacja umowy sprzeda\u017cy<\/strong><\/p>\n<p>8.1. Umowa sprzeda\u017cy zostaje zawarta po z\u0142o\u017ceniu zam\u00f3wienia przez Klienta i jego potwierdzeniu przez Sprzedawc\u0119.<\/p>\n<p>8.2. Produkt zostanie wys\u0142any w terminie okre\u015blonym w jego opisie. W przypadku zam\u00f3wienia produkt\u00f3w o r\u00f3\u017cnych terminach dostawy obowi\u0105zuje najd\u0142u\u017cszy z tych termin\u00f3w.<\/p>\n<p><strong>\u00a7 9. Prawo do odst\u0105pienia od umowy<\/strong><\/p>\n<p>9.1. Konsument ma prawo odst\u0105pi\u0107 od umowy w ci\u0105gu 14 dni od otrzymania towaru, bez podania przyczyny.<\/p>\n<p>9.2. Zwrot produkt\u00f3w higienicznych po wyj\u0119ciu z opakowania, takich jak bielizna oraz skarpety, nie jest mo\u017cliwy.<\/p>\n<p>9.3. Klient mo\u017ce zwr\u00f3ci\u0107 produkt zgodnie z informacjami zawartymi na stronie \u201eZwroty i reklamacje\u201d.<\/p>\n<p><strong>\u00a7 10. Reklamacje<\/strong><\/p>\n<p>10.1. Klient ma prawo z\u0142o\u017cy\u0107 reklamacj\u0119 zakupionych produkt\u00f3w w przypadku stwierdzenia wad towaru. Reklamacj\u0119 mo\u017cna zg\u0142osi\u0107 zgodnie z informacjami zawartymi na stronie \u201eZwroty i reklamacje\u201d.<\/p>\n\t\t\n<style>\n#text-1123432356 {\n  font-size: 0.8rem;\n}\n@media (min-width:550px) {\n  #text-1123432356 {\n    font-size: 0.9rem;\n  }\n}\n<\/style>\n\t<\/div>\n\t\n\n\t\t<\/div>\n\t\t\t\t\t<\/div>\n\n\t\n\n<\/div>\n\n\t\t<\/div>\n\n\t\t\n<style>\n#section_339005454 {\n  padding-top: 10px;\n  padding-bottom: 10px;\n}\n<\/style>\n\t<\/section>","protected":false},"excerpt":{"rendered":"","protected":false},"author":1,"featured_media":0,"parent":0,"menu_order":0,"comment_status":"closed","ping_status":"closed","template":"","meta":{"footnotes":""},"class_list":["post-122","page","type-page","status-publish","hentry"],"_links":{"self":[{"href":"https:\/\/off-sense.com\/pl_PL\/wp-json\/wp\/v2\/pages\/122","targetHints":{"allow":["GET"]}}],"collection":[{"href":"https:\/\/off-sense.com\/pl_PL\/wp-json\/wp\/v2\/pages"}],"about":[{"href":"https:\/\/off-sense.com\/pl_PL\/wp-json\/wp\/v2\/types\/page"}],"author":[{"embeddable":true,"href":"https:\/\/off-sense.com\/pl_PL\/wp-json\/wp\/v2\/users\/1"}],"replies":[{"embeddable":true,"href":"https:\/\/off-sense.com\/pl_PL\/wp-json\/wp\/v2\/comments?post=122"}],"version-history":[{"count":30,"href":"https:\/\/off-sense.com\/pl_PL\/wp-json\/wp\/v2\/pages\/122\/revisions"}],"predecessor-version":[{"id":2042,"href":"https:\/\/off-sense.com\/pl_PL\/wp-json\/wp\/v2\/pages\/122\/revisions\/2042"}],"wp:attachment":[{"href":"https:\/\/off-sense.com\/pl_PL\/wp-json\/wp\/v2\/media?parent=122"}],"curies":[{"name":"wp","href":"https:\/\/api.w.org\/{rel}","templated":true}]}}