{"id":12,"date":"2025-02-26T17:56:07","date_gmt":"2025-02-26T17:56:07","guid":{"rendered":"https:\/\/off-sense.com\/?page_id=12"},"modified":"2026-03-23T19:03:19","modified_gmt":"2026-03-23T19:03:19","slug":"about_us","status":"publish","type":"page","link":"https:\/\/off-sense.com\/pl_PL\/about_us\/","title":{"rendered":"O nas"},"content":{"rendered":"<section class=\"section\" id=\"section_777732193\">\n\t\t<div class=\"section-bg fill\" >\n\t\t\t\t\t\t\t\t\t\n\t\t\t\n\n\t\t<\/div>\n\n\t\t\n\n\t\t<div class=\"section-content relative\">\n\t\t\t\n\n<div class=\"row row-small align-center\"  id=\"row-813560400\">\n\n\n\t<div id=\"col-3770920\" class=\"col medium-7 small-12 large-7\"  >\n\t\t\t\t<div class=\"col-inner text-center\"  >\n\t\t\t\n\t\t\t\n\n\t<div id=\"text-3600628757\" class=\"text about-text\">\n\t\t\n\n<p style=\"text-align: center;\"><span style=\"font-size: 150%;\"><strong><span style=\"color: #191970;\">O nas<\/span><\/strong><\/span><\/p>\n<p>\u00a0<\/p>\n<p><strong><span style=\"color: #191970;\">Sk\u0105d wzi\u0105\u0142 si\u0119 pomys\u0142 na stworzenie marki odzie\u017cowej?<\/span><\/strong><\/p>\n<p class=\"p1\"><span class=\"s1\">Najwa\u017cniejsze na pocz\u0105tku by\u0142o wybranie w\u0142a\u015bciwego kierunku \u2013 przez 2 lata szukali\u015bmy drogi, kt\u00f3ra pozwoli nam stworzy\u0107 co\u015b warto\u015bciowego. Kiedy trafili\u015bmy na idee marek odzie\u017cowych nios\u0105cych przekaz i niewychodz\u0105cych jedynie z za\u0142o\u017cenia, by produkowa\u0107 jak najwi\u0119cej, wiedzieli\u015bmy, \u017ce znale\u017ali\u015bmy swoj\u0105 \u015bcie\u017ck\u0119.<\/span><\/p>\n<p>\u00a0<\/p>\n<p><strong><span style=\"color: #191970;\">Sk\u0105d wzi\u0119\u0142a si\u0119 nazwa off-sense?<\/span><\/strong><\/p>\n<p class=\"p1\"><span class=\"s1\">Zacz\u0119li\u015bmy budowa\u0107 mark\u0119 odzie\u017cow\u0105 (sierpie\u0144 2024) bez \u017cadnego do\u015bwiadczenia w bran\u017cy mody \u2013 mieli\u015bmy jedynie wizj\u0119 i determinacj\u0119, by wszystkiego si\u0119 nauczy\u0107. Min\u0119\u0142o 16 miesi\u0119cy, zanim nasza pierwsza kolekcja by\u0142a gotowa (listopad 2025). Ten czas by\u0142 wype\u0142niony nieustannym research\u2019em, pr\u00f3bami, b\u0142\u0119dami oraz niezliczon\u0105 liczb\u0105 pyta\u0144, na kt\u00f3re jeszcze nie znali\u015bmy odpowiedzi.<\/span><\/p>\n<p class=\"p1\"><span class=\"s1\">Musieli\u015bmy nauczy\u0107 si\u0119 wszystkiego od podstaw \u2013 jak naprawd\u0119 dzia\u0142a bran\u017ca odzie\u017cowa, jak zbudowa\u0107 \u0142a\u0144cuch dostaw, gdzie znale\u017a\u0107 najlepszych lokalnych producent\u00f3w, co sprawia, \u017ce materia\u0142 jest wart u\u017cycia, oraz kt\u00f3re detale naprawd\u0119 maj\u0105 znaczenie przy tworzeniu produkt\u00f3w wysokiej jako\u015bci. Sp\u0119dzili\u015bmy miesi\u0105ce, szukaj\u0105c odpowiednich partner\u00f3w i zastanawiaj\u0105c si\u0119, jak urzeczywistni\u0107 nasze pomys\u0142y, nie rezygnuj\u0105c z naszych warto\u015bci.<\/span><\/p>\n<p class=\"p1\"><span class=\"s1\">Ten proces \u2013 cho\u0107 momentami przyt\u0142aczaj\u0105cy \u2013 stworzy\u0142 fundament wszystkiego, czym dzi\u015b jest off-sense.<\/span><\/p>\n<p>Podczas tej d\u0142ugiej drogi wci\u0105\u017c wraca\u0142o do nas jedno pytanie \u2013 czy to wszystko ma sens \u2013 mo\u017ce to jest w\u0142a\u015bnie <strong><span style=\"color: #191970;\">off-sense<\/span><\/strong><span style=\"color: #191970;\"><span style=\"color: #282828;\">?<\/span><\/span><\/p>\n<p>\u00a0<\/p>\n<p><strong><span style=\"color: #191970;\">Co oznacza has\u0142o \u201einspired by quality\u201d?<\/span><\/strong><\/p>\n<p data-start=\"446\" data-end=\"621\">Na pocz\u0105tku eksplorowali\u015bmy r\u00f3\u017cne kierunki, ale \u017caden nie wydawa\u0142 si\u0119 w\u0142a\u015bciwy. Zrozumieli\u015bmy, \u017ce je\u015bli chcemy stworzy\u0107 co\u015b autentycznego, musi to wynika\u0107 z naszego w\u0142asnego do\u015bwiadczenia.<\/p>\n<p data-start=\"623\" data-end=\"786\">Przygotowuj\u0105c nasz\u0105 pierwsz\u0105 kolekcj\u0119 i ucz\u0105c si\u0119, ile pracy wymaga prawdziwa produkcja, jedno sta\u0142o si\u0119 jasne: chcieli\u015bmy tworzy\u0107 jako\u015bciowe ubrania, kt\u00f3re wnosz\u0105 realn\u0105 warto\u015b\u0107.<\/p>\n<p data-start=\"788\" data-end=\"830\">Z czasem jednak, 'jako\u015b\u0107<span style=\"color: #191970;\">&#8216;<\/span>\u00a0zacz\u0119\u0142a znaczy\u0107 dla nas co\u015b wi\u0119cej.<\/p>\n<p data-start=\"788\" data-end=\"830\">Bo budowanie off-sense nie polega\u0142o wy\u0142\u0105cznie na produktach, lecz na momentach \u2013 pierwszych pr\u00f3bkach w naszych r\u0119kach, odrzuceniu projektu, kt\u00f3ry nie by\u0142 \u201etym w\u0142a\u015bciwym\u201d, wprowadzaniu zmian na ostatni\u0105 chwil\u0119 przed produkcj\u0105, pakowaniu pierwszych zam\u00f3wie\u0144, zobaczeniu kogo\u015b po raz pierwszy w naszej rzeczy.<\/p>\n<p data-start=\"641\" data-end=\"968\">Te ma\u0142e, ale znacz\u0105ce momenty zainspirowa\u0142y nasz\u0105 wizj\u0119, a dzi\u015b \u201eInspired by quality\u201d oznacza dwie rzeczy \u2013 jako\u015bciowe ubrania oraz kolekcje inspirowane jako\u015bciowymi momentami w \u017cyciu.<\/p>\n<p data-start=\"1146\" data-end=\"1448\">Szybki przyk\u0142ad - nasza pierwsza kolekcja <em data-start=\"1181\" data-end=\"1196\">'The Beginning'<\/em>nawi\u0105zywa\u0142a do momentu postawienia pierwszego kroku w kierunku czego\u015b nowego w \u017cyciu.<\/p>\n<p data-start=\"1146\" data-end=\"1448\">Nasze kolejne kolekcje b\u0119d\u0105 odkrywa\u0107 r\u00f3\u017cne jako\u015bciowe momenty, zamieniaj\u0105c prawdziwe do\u015bwiadczenia w opowie\u015bci wyra\u017cone poprzez nasze projekty.<\/p>\n<p>\u00a0<\/p>\n<p><strong><span style=\"color: #191970;\">Jakiego rodzaju ubrania tworzymy?<\/span><\/strong><\/p>\n<p>Wszystkie nasze ubrania powstaj\u0105 od podstaw. Produkcja odbywa si\u0119 wy\u0142\u0105cznie w najlepszych polskich szwalniach, gdzie korzystamy z wysokiej jako\u015bci materia\u0142\u00f3w, zapewniaj\u0105c naszym klientom komfort, trwa\u0142o\u015b\u0107 i precyzj\u0119 wykonania. Nie si\u0119gamy po gotowe rozwi\u0105zania. Ka\u017cdy element naszej odzie\u017cy tworzony jest zgodnie z nasz\u0105 wizj\u0105 i najwy\u017cszymi standardami jako\u015bci. Ka\u017cdy z naszych projekt\u00f3w jest efektem pasji, dba\u0142o\u015bci o detale i zaanga\u017cowania na ka\u017cdym etapie produkcji.<\/p>\n<p>Nasza marka podzielona jest na trzy sekcje:<\/p>\n<p><strong>Ubrania inspired by quality<\/strong> &#8211; <span class=\"s1\">rdze\u0144 off-sense. Ka\u017cdy produkt z tej linii jest cz\u0119\u015bci\u0105 kolekcji, kt\u00f3ra opowiada histori\u0119 o wyj\u0105tkowym momencie w \u017cyciu. Dlatego ka\u017cdy projekt powstaje \u015bwiadomie: grafiki, detale i przekazy s\u0105 starannie przemy\u015blane, inspirowane chwilami, kt\u00f3re maj\u0105 najwi\u0119ksze znaczenie. To rzeczy, kt\u00f3re odnosz\u0105 si\u0119 do prawdziwych do\u015bwiadcze\u0144, moment\u00f3w, kt\u00f3re z Tob\u0105 zostaj\u0105, oraz historii, kt\u00f3re mo\u017cesz nosi\u0107 ze sob\u0105 ka\u017cdego dnia.<\/span><\/p>\n<p><strong>Ubrania premium basic<\/strong> \u2013 fundament ka\u017cdej garderoby. Tworzymy minimalistyczne, ponadczasowe ubrania, kt\u00f3re \u0142\u0105cz\u0105 wysok\u0105 jako\u015b\u0107 z uniwersalno\u015bci\u0105. Ka\u017cdy element naszej basicowej kolekcji ma s\u0142u\u017cy\u0107 przez lata. Korzystamy z najlepszych materia\u0142\u00f3w i dbamy o ka\u017cdy detal, aby nasze ubrania by\u0142y nie tylko wygodne, ale tak\u017ce trwa\u0142e i odporne na up\u0142yw czasu. Dzi\u0119ki nowoczesnym krojom nasze podstawowe modele \u015bwietnie komponuj\u0105 si\u0119 z r\u00f3\u017cnymi stylami.<\/p>\n<p class=\"translation-block\"><span style=\"font-size: 95%\"><span style=\"color: #000000\"><strong>R\u0119cznie robione Cuddle Bags<\/strong><\/span> \u2013 unikalne, dopracowane w ka\u017cdym detalu, tworzone r\u0119cznie z pasj\u0105. To idealny wyb\u00f3r dla os\u00f3b, kt\u00f3re ceni\u0105 rzemios\u0142o, indywidualno\u015b\u0107 i wyj\u0105tkowy design. <span class=\"s1\">Ka\u017cda torba jest jedynym w swoim rodzaju projektem.<\/span> <span class=\"s1\">Starannie dobrane materia\u0142y, interesuj\u0105ce faktury i pi\u0119kne, nasycone kolory sprawiaj\u0105, \u017ce nasze torby s\u0105 nie tylko praktycznym dodatkiem, ale tak\u017ce wyrazistym elementem stylizacji. Wybieraj\u0105c najpi\u0119kniejsze kolory, nadajemy naszym torbom wyj\u0105tkow\u0105 to\u017csamo\u015b\u0107 - ka\u017cdy kolor symbolizuje inne podej\u015bcie, styl i charakter.<\/span><\/span><\/p>\n\t\t\n<style>\n#text-3600628757 {\n  font-size: 0.8rem;\n}\n@media (min-width:550px) {\n  #text-3600628757 {\n    font-size: 0.9rem;\n  }\n}\n<\/style>\n\t<\/div>\n\t\n\n\t\t<\/div>\n\t\t\t\t\t<\/div>\n\n\t\n\n<\/div>\n\n\t\t<\/div>\n\n\t\t\n<style>\n#section_777732193 {\n  padding-top: 0px;\n  padding-bottom: 0px;\n  margin-bottom: 0px;\n  min-height: 0px;\n  background-color: rgb(255, 255, 255);\n}\n<\/style>\n\t<\/section>","protected":false},"excerpt":{"rendered":"","protected":false},"author":1,"featured_media":0,"parent":0,"menu_order":0,"comment_status":"closed","ping_status":"closed","template":"","meta":{"footnotes":""},"class_list":["post-12","page","type-page","status-publish","hentry"],"_links":{"self":[{"href":"https:\/\/off-sense.com\/pl_PL\/wp-json\/wp\/v2\/pages\/12","targetHints":{"allow":["GET"]}}],"collection":[{"href":"https:\/\/off-sense.com\/pl_PL\/wp-json\/wp\/v2\/pages"}],"about":[{"href":"https:\/\/off-sense.com\/pl_PL\/wp-json\/wp\/v2\/types\/page"}],"author":[{"embeddable":true,"href":"https:\/\/off-sense.com\/pl_PL\/wp-json\/wp\/v2\/users\/1"}],"replies":[{"embeddable":true,"href":"https:\/\/off-sense.com\/pl_PL\/wp-json\/wp\/v2\/comments?post=12"}],"version-history":[{"count":68,"href":"https:\/\/off-sense.com\/pl_PL\/wp-json\/wp\/v2\/pages\/12\/revisions"}],"predecessor-version":[{"id":2029,"href":"https:\/\/off-sense.com\/pl_PL\/wp-json\/wp\/v2\/pages\/12\/revisions\/2029"}],"wp:attachment":[{"href":"https:\/\/off-sense.com\/pl_PL\/wp-json\/wp\/v2\/media?parent=12"}],"curies":[{"name":"wp","href":"https:\/\/api.w.org\/{rel}","templated":true}]}}